{"id":7,"date":"2008-01-31T03:23:06","date_gmt":"2008-01-31T10:23:06","guid":{"rendered":"http:\/\/sos-parents-japan.org\/?page_id=7"},"modified":"2024-02-26T13:22:09","modified_gmt":"2024-02-26T04:22:09","slug":"references","status":"publish","type":"page","link":"https:\/\/www.france-japon.net\/sosparentsjapan\/references\/","title":{"rendered":"R\u00e9f\u00e9rences &#8211; \u53c2\u8003\u6587\u732e"},"content":{"rendered":"<p><strong>En fran\u00e7ais <\/strong><\/p>\n<p><strong>1. Ouvrage r\u00e9cent :<\/strong><br \/>\n<strong>Regard sur le mariage franco-japonais<\/strong> Prix \u00a5100<br \/>\n<strong>Quelques aspects socio-culturels et juridiques<\/strong><br \/>\nLivret\u00a0neuf de 120 pages\u00a0publi\u00e9 en mars 2021 par l&rsquo;OLES Japon, Organisme\u00a0Local d&rsquo;Entraide et de Solidarit\u00e9, association\u00a0f\u00e9d\u00e9rative fond\u00e9e le 11 mars 2015.<br \/>\n* Aspects socio-culturels du mariage franco-japonais, par Jean-Michel Butel, INALCO \/ Institut Fran\u00e7ais de Recherche sur l&rsquo;Asie de l&rsquo;Est<br \/>\n* Aspects juridiques du mariage franco-japonais<br \/>\n* Formulaires et liens utiles, ainsi qu&rsquo;un lexique\u00a0fran\u00e7ais-japonais<br \/>\n* Retour d&rsquo;exp\u00e9riences, par Paul-Georges Touja, de l&rsquo;association \u00ab\u00a0Sauvons Nos Enfants Japon\u00a0\u00bb<br \/>\nCe livret pr\u00e9vu pour \u00eatre propos\u00e9 au prix de 1650 ttc dans le commerce, est actuellement offert\u00a0par l\u2019OLES Japon gratuitement ou \u00e0 un prix symbolique \u00e0 travers les associations fondatrices.<br \/>\nIl est disponible\u00a0au prix de 100 yens symboliques plus frais d\u2019envoi sur le site de la Bouquinerie Solidaire. L\u2019association Fran\u00e7ais du Monde &#8211; adfe Tokyo est membre fondatrice de l\u2019OLES Japon.<br \/>\nAu moment du paiement il vous sera cependant possible, en signe d\u2019int\u00e9r\u00eat pour ce livret et d\u2019appr\u00e9ciation pour le travail qu\u2019il repr\u00e9sente, de faire un don \u00e0 l\u2019OLES Japon ou d\u2019y adh\u00e9rer en signe de soutien.<br \/>\nTout don de 1000 yens ou plus vaudra, sauf avis contraire, pour adh\u00e9sion \u00e0 l\u2019OLES Japon. La Bouquinerie solidaire est habilit\u00e9e \u00e0 recevoir les adh\u00e9sions pour l\u2019OLES Japon.<\/p>\n<p><strong>2. La famille en France et au Japon<\/strong>, ouvrage collectif, \u00e9tude l\u00e9gislation compar\u00e9e. 6e journ\u00e9es juridiques franco-japonaises, Tokyo-Sapporo, 25-29 septembre 2001 (+ traduction japonaise)<\/p>\n<p><strong>In Japanese<\/strong><\/p>\n<ol>\n<li>\u30a2\u30eb\u30c9\u30fb\u30ca\u30a6\u30ea\u8457\u300e\u7236\u89aa\u305f\u3061\u3001\u305d\u3057\u3066\u6bcd\u89aa\u305f\u3061\u300f\u3001\u30aa\u30c7\u30a3\u30fc\u30eb\u30fb\u30b8\u30e3\u30b3\u30d6\u793e\u3001\u30d1\u30ea\u3001\uff12\uff10\uff10\uff15\u5e74<\/li>\n<li>\u4e09\u7802\u3061\u305a\u308b\u300e\u30aa\u30cb\u30d0\u30d0\u5316\u3059\u308b\u5973\u9054\u300f\u3001\u5149\u6587\u793e\u6587\u5eab\u30012004\u5e74\u3002<\/li>\n<li>\u5bb6\u5ead\u88c1\u5224\u6240\u30b7\u30f3\u30dd\u30b8\u30a6\u30e0\u300c\u96e2\u5a5a\u3068\u5b50\u4f9bII\u2014\u5171\u540c\u89aa\u6a29\u3092\u8003\u3048\u308b\u300d (\u65e5\u5f01\u9023\uff09\u3001\u3000\u3000\u3000\u3000\u3000 \u6771\u4eac\u3001\uff12\uff10\uff10\uff17\u5e74\uff11\uff11\u6708\uff11\uff17\u65e5\n<p style=\"text-align: justify;\">(Actes du Symposium du tribunal des affaires familiales : \u00ab Le Divorce et les enfants II \u2014 Penser le partage de l\u2019autorit\u00e9 parentale \u00bb \uff08Rikon to kodomo II \u2014 ky\u00f4d\u00f4 shinken wo kangaeru) organis\u00e9 par la F\u00e9d\u00e9ration des Associations du Barreau japonais, Nichibenren (\u65e5\u5f01\u9023\uff09le 17 novembre 2007 \u00e0 Tokyo.)<\/p>\n<\/li>\n<li>\u300c\u5b50\u4f9b\u306e\u798f\u7949\u3068\u5171\u540c\u89aa\u6a29\u300d\u3001 \u65e5\u672c\u52a0\u9664\u51fa\u7248\u3001 (\u65e5\u5f01\u9023\uff09\u3001\uff12\uff10\uff10\uff17\u5e74\uff11\uff11\u6708 \uff17\u65e5<\/li>\n<\/ol>\n<p style=\"text-align: justify;\">( \u00ab Le bien-\u00eatre des enfants et l\u2019autorit\u00e9 parentale partag\u00e9e \u00bb (Kodomo no fukushi to ky\u00f4d\u00f4 shinken), Ed. Nihon Kajo Shuppan (Nichibenren), 2007-11-07). )<\/p>\n<p style=\"text-align: justify;\">Dans ces deux publications, une comparaison du cadre juridique familial du Japon avec celle de plusieurs pays occidentaux a \u00e9t\u00e9 effectu\u00e9e, en montrant la n\u00e9cessit\u00e9 d\u2019un changement au Japon.<\/p>\n","protected":false},"excerpt":{"rendered":"<p>En fran\u00e7ais 1. Ouvrage r\u00e9cent : Regard sur le mariage franco-japonais Prix \u00a5100 Quelques aspects socio-culturels et juridiques Livret\u00a0neuf de 120 pages\u00a0publi\u00e9 en mars 2021 par l&rsquo;OLES Japon, Organisme\u00a0Local d&rsquo;Entraide et de Solidarit\u00e9, association\u00a0f\u00e9d\u00e9rative fond\u00e9e le 11 mars 2015. * Aspects socio-culturels du mariage franco-japonais, par Jean-Michel Butel, INALCO \/ Institut Fran\u00e7ais de Recherche sur &hellip; <a href=\"https:\/\/www.france-japon.net\/sosparentsjapan\/references\/\" class=\"more-link\">Continuer la lecture de <span class=\"screen-reader-text\">R\u00e9f\u00e9rences &#8211; \u53c2\u8003\u6587\u732e<\/span><\/a><\/p>\n","protected":false},"author":1,"featured_media":0,"parent":0,"menu_order":50,"comment_status":"open","ping_status":"open","template":"","meta":{"footnotes":""},"class_list":["post-7","page","type-page","status-publish","hentry"],"_links":{"self":[{"href":"https:\/\/www.france-japon.net\/sosparentsjapan\/wp-json\/wp\/v2\/pages\/7","targetHints":{"allow":["GET"]}}],"collection":[{"href":"https:\/\/www.france-japon.net\/sosparentsjapan\/wp-json\/wp\/v2\/pages"}],"about":[{"href":"https:\/\/www.france-japon.net\/sosparentsjapan\/wp-json\/wp\/v2\/types\/page"}],"author":[{"embeddable":true,"href":"https:\/\/www.france-japon.net\/sosparentsjapan\/wp-json\/wp\/v2\/users\/1"}],"replies":[{"embeddable":true,"href":"https:\/\/www.france-japon.net\/sosparentsjapan\/wp-json\/wp\/v2\/comments?post=7"}],"version-history":[{"count":3,"href":"https:\/\/www.france-japon.net\/sosparentsjapan\/wp-json\/wp\/v2\/pages\/7\/revisions"}],"predecessor-version":[{"id":964,"href":"https:\/\/www.france-japon.net\/sosparentsjapan\/wp-json\/wp\/v2\/pages\/7\/revisions\/964"}],"wp:attachment":[{"href":"https:\/\/www.france-japon.net\/sosparentsjapan\/wp-json\/wp\/v2\/media?parent=7"}],"curies":[{"name":"wp","href":"https:\/\/api.w.org\/{rel}","templated":true}]}}