{"id":11,"date":"2008-03-20T21:02:18","date_gmt":"2008-03-20T12:02:18","guid":{"rendered":"http:\/\/sos-parents-japan.org\/?page_id=11"},"modified":"2024-01-04T11:40:53","modified_gmt":"2024-01-04T02:40:53","slug":"parents-separes-ou-divorces-prives-de-leurs-enfants-un-outil-efficace-a-votre-disposition","status":"publish","type":"page","link":"https:\/\/www.france-japon.net\/sosparentsjapan\/parents-separes-ou-divorces-prives-de-leurs-enfants-un-outil-efficace-a-votre-disposition\/","title":{"rendered":"Pr\u00e9sentation du site"},"content":{"rendered":"<p>Ce site s\u2019adresse, sans distinction de nationalit\u00e9 ni de sexe, aux parents \u00e9trangers et autochtones mis en difficult\u00e9 et discrimin\u00e9s par le cadre l\u00e9gal japonais qui, contrairement \u00e0 celui de la plupart des pays avanc\u00e9s, ne reconna\u00eet pas encore le partage de l\u2019autorit\u00e9 parentale post-s\u00e9paration ni le droit de visite (reconnu par tous les autres pays du G8 et la Chine), et ne p\u00e9nalise pas l\u2019enl\u00e8vement parental, mais plut\u00f4t l\u2019encourage, en en faisant paradoxalement un avantage pour le parent kidnappeur pour l\u2019obtention de l\u2019autorit\u00e9 parentale et de la garde des enfants lors du jugement de divorce.<br \/>\nCette p\u00e9nible et presque incroyable r\u00e9alit\u00e9 a pour effet, au Japon, de permettre \u00e0 un parent, en toute impunit\u00e9 et avec la b\u00e9n\u00e9diction et la protection des juges, d\u2019enlever les enfants et de les couper de tout contact avec l\u2019autre parent jusqu\u2019\u00e0 leur majorit\u00e9 (et m\u00eame au del\u00e0, en cons\u00e9quence de l\u2019ali\u00e9nation parentale subie par l&rsquo;enfant) en refusant les contacts et les visites, faisant de ceux-ci des orphelins \u00ab de droit et de fait \u00bb, et privant l\u2019autre parent de tous ses droits.<br \/>\nElle a aussi pour cons\u00e9quence, dans le cas d\u2019enfants binationaux, de priver les enfants de la moiti\u00e9 de leur identit\u00e9 culturelle et du bilinguisme de leurs premi\u00e8res ann\u00e9es, pourtant prometteurs pour leur avenir, dans un monde de plus en plus internationalis\u00e9.<\/p>\n<p align=\"justify\"><span style=\"text-decoration: underline;\">Ce site s&rsquo;adresse \u00e9galement \u00e0 toute personne sympathisante ou\/et susceptible d&rsquo;apporter aide et informations.<\/span><br \/>\nQuel genre d&rsquo;informations sont susceptibles d&rsquo;\u00eatre utiles et dans quels domaines ?<br \/>\n&#8211; dans les domaines juridiques et psycho-sociologiques ;<br \/>\n&#8211; le droit familial ;<br \/>\n&#8211; la jurisprudence pour les Japonais et les \u00c9trangers ;<br \/>\n&#8211; les conventions internationales<br \/>\n&#8211; le syndrome d\u2019ali\u00e9nation parentale (SAP) ;<br \/>\n&#8211; la pr\u00e9sentation de cette probl\u00e9matique dans les m\u00e9dias, le cin\u00e9ma, etc. (articles, r\u00e9f\u00e9rences bibliographiques et multi-m\u00e9dia, liens internet, etc.).<br \/>\n&#8211; la <span style=\"text-decoration: underline;\">mise en relation des parents en difficult\u00e9<\/span> (sous couvert d\u2019anonymat, par l\u2019utilisation d\u2019un pseudo qui prot\u00e8ge la confidentialit\u00e9), \u00e9change des exp\u00e9riences et des informations, assistance et entraide.<br \/>\n&#8211; la pr\u00e9sentation des revendications de base suivantes :<\/p>\n<blockquote><p>1. Signature par le Japon de la Convention de La Haye sur les aspects civils des d\u00e9placements illicites d&rsquo;enfants.<\/p><\/blockquote>\n<blockquote><p>2. Partage de l\u2019autorit\u00e9 parentale \uff08\u5171\u540c\u89aa\u6a29, ky\u00f4d\u00f4shinken) apr\u00e8s s\u00e9paration et\/ou divorce.<\/p><\/blockquote>\n<blockquote><p>3. Inscription dans la loi japonaise du droit de visite pour les parents s\u00e9par\u00e9s et divorc\u00e9s \u2014 \u00e0 terme, de la garde partag\u00e9e \u2014 (en application de l&rsquo;art. 9-3 de la Convention Internationale relative aux Droits de l\u2019enfant (CRC), sign\u00e9e par le Japon).<\/p><\/blockquote>\n<blockquote><p>4. Prise en compte du Syndrome d\u2019Ali\u00e9nation Parentale (SAP) par les tribunaux japonais.<\/p><\/blockquote>\n<blockquote><p>5. Reconnaissance l\u00e9gale du droit des enfants binationaux \u00e0 recevoir une double \u00e9ducation culturelle et linguistique, correspondant \u00e0 celle de leurs deux parents.<\/p><\/blockquote>\n<blockquote><p>6. Traitement \u00e9gal, dans les faits, des parents \u00e9trangers et japonais devant la justice japonaise.<\/p><\/blockquote>\n<p align=\"justify\">&#8211; <span style=\"text-decoration: underline;\">\u00e9laboration \u00e9ventuelle d\u2019actions communes<\/span> visant \u00e0 faire \u00e9voluer la loi dans un sens plus \u00e9quitable pour les parents et pour les enfants (vers un partage de l\u2019autorit\u00e9 parentale et de la garde des enfants, reconnaissance du droit de visite) : contact avec les m\u00e9dias, journ\u00e9es d\u2019\u00e9tude, expositions, p\u00e9titions, etc.<\/p>\n","protected":false},"excerpt":{"rendered":"<p>Ce site s\u2019adresse, sans distinction de nationalit\u00e9 ni de sexe, aux parents \u00e9trangers et autochtones mis en difficult\u00e9 et discrimin\u00e9s par le cadre l\u00e9gal japonais qui, contrairement \u00e0 celui de la plupart des pays avanc\u00e9s, ne reconna\u00eet pas encore le partage de l\u2019autorit\u00e9 parentale post-s\u00e9paration ni le droit de visite (reconnu par tous les autres &hellip; <a href=\"https:\/\/www.france-japon.net\/sosparentsjapan\/parents-separes-ou-divorces-prives-de-leurs-enfants-un-outil-efficace-a-votre-disposition\/\" class=\"more-link\">Continuer la lecture de <span class=\"screen-reader-text\">Pr\u00e9sentation du site<\/span><\/a><\/p>\n","protected":false},"author":1,"featured_media":0,"parent":0,"menu_order":80,"comment_status":"open","ping_status":"open","template":"","meta":{"footnotes":""},"class_list":["post-11","page","type-page","status-publish","hentry"],"_links":{"self":[{"href":"https:\/\/www.france-japon.net\/sosparentsjapan\/wp-json\/wp\/v2\/pages\/11","targetHints":{"allow":["GET"]}}],"collection":[{"href":"https:\/\/www.france-japon.net\/sosparentsjapan\/wp-json\/wp\/v2\/pages"}],"about":[{"href":"https:\/\/www.france-japon.net\/sosparentsjapan\/wp-json\/wp\/v2\/types\/page"}],"author":[{"embeddable":true,"href":"https:\/\/www.france-japon.net\/sosparentsjapan\/wp-json\/wp\/v2\/users\/1"}],"replies":[{"embeddable":true,"href":"https:\/\/www.france-japon.net\/sosparentsjapan\/wp-json\/wp\/v2\/comments?post=11"}],"version-history":[{"count":2,"href":"https:\/\/www.france-japon.net\/sosparentsjapan\/wp-json\/wp\/v2\/pages\/11\/revisions"}],"predecessor-version":[{"id":955,"href":"https:\/\/www.france-japon.net\/sosparentsjapan\/wp-json\/wp\/v2\/pages\/11\/revisions\/955"}],"wp:attachment":[{"href":"https:\/\/www.france-japon.net\/sosparentsjapan\/wp-json\/wp\/v2\/media?parent=11"}],"curies":[{"name":"wp","href":"https:\/\/api.w.org\/{rel}","templated":true}]}}